{"id":111,"date":"2026-03-30T07:25:33","date_gmt":"2026-03-30T07:25:33","guid":{"rendered":"https:\/\/luxor-design.fr\/?page_id=111"},"modified":"2026-03-30T08:47:52","modified_gmt":"2026-03-30T08:47:52","slug":"philgood","status":"publish","type":"page","link":"https:\/\/luxor-design.fr\/en\/philgood\/","title":{"rendered":"Philgood"},"content":{"rendered":"<hr class=\"wp-block-separator has-css-opacity is-style-default\"\/>\n\n\n\n<hr class=\"wp-block-separator has-css-opacity is-style-default\"\/>\n\n\n<nav class=\"is-responsive wp-block-navigation is-layout-flex wp-block-navigation-is-layout-flex\" aria-label=\"Navigation\" \n\t\t data-wp-interactive=\"core\/navigation\" data-wp-context='{\"overlayOpenedBy\":{\"click\":false,\"hover\":false,\"focus\":false},\"type\":\"overlay\",\"roleAttribute\":\"\",\"ariaLabel\":\"Menu\"}'><button aria-haspopup=\"dialog\" aria-label=\"Open menu\" class=\"wp-block-navigation__responsive-container-open\" \n\t\t\t\tdata-wp-on--click=\"actions.openMenuOnClick\"\n\t\t\t\tdata-wp-on--keydown=\"actions.handleMenuKeydown\"\n\t\t\t><svg width=\"24\" height=\"24\" xmlns=\"http:\/\/www.w3.org\/2000\/svg\" viewbox=\"0 0 24 24\" aria-hidden=\"true\" focusable=\"false\"><path d=\"M4 7.5h16v1.5H4z\"><\/path><path d=\"M4 15h16v1.5H4z\"><\/path><\/svg><\/button>\n\t\t\t\t<div class=\"wp-block-navigation__responsive-container\"  id=\"modal-1\" \n\t\t\t\tdata-wp-class--has-modal-open=\"state.isMenuOpen\"\n\t\t\t\tdata-wp-class--is-menu-open=\"state.isMenuOpen\"\n\t\t\t\tdata-wp-watch=\"callbacks.initMenu\"\n\t\t\t\tdata-wp-on--keydown=\"actions.handleMenuKeydown\"\n\t\t\t\tdata-wp-on--focusout=\"actions.handleMenuFocusout\"\n\t\t\t\ttabindex=\"-1\"\n\t\t\t>\n\t\t\t\t\t<div class=\"wp-block-navigation__responsive-close\" tabindex=\"-1\">\n\t\t\t\t\t\t<div class=\"wp-block-navigation__responsive-dialog\" \n\t\t\t\tdata-wp-bind--aria-modal=\"state.ariaModal\"\n\t\t\t\tdata-wp-bind--aria-label=\"state.ariaLabel\"\n\t\t\t\tdata-wp-bind--role=\"state.roleAttribute\"\n\t\t\t>\n\t\t\t\t\t\t\t<button aria-label=\"Close menu\" class=\"wp-block-navigation__responsive-container-close\" \n\t\t\t\tdata-wp-on--click=\"actions.closeMenuOnClick\"\n\t\t\t><svg xmlns=\"http:\/\/www.w3.org\/2000\/svg\" viewbox=\"0 0 24 24\" width=\"24\" height=\"24\" aria-hidden=\"true\" focusable=\"false\"><path d=\"m13.06 12 6.47-6.47-1.06-1.06L12 10.94 5.53 4.47 4.47 5.53 10.94 12l-6.47 6.47 1.06 1.06L12 13.06l6.47 6.47 1.06-1.06L13.06 12Z\"><\/path><\/svg><\/button>\n\t\t\t\t\t\t\t<div class=\"wp-block-navigation__responsive-container-content\" \n\t\t\t\tdata-wp-watch=\"callbacks.focusFirstElement\"\n\t\t\t id=\"modal-1-content\">\n\t\t\t\t\t\t\t\t<ul class=\"wp-block-navigation__container is-responsive wp-block-navigation\"><ul class=\"wp-block-page-list\"><li class=\"wp-block-pages-list__item wp-block-navigation-item open-on-hover-click menu-item-home\"><a class=\"wp-block-pages-list__item__link wp-block-navigation-item__content\" href=\"https:\/\/luxor-design.fr\/en\/\">Accueil<\/a><\/li><li class=\"wp-block-pages-list__item wp-block-navigation-item open-on-hover-click\"><a class=\"wp-block-pages-list__item__link wp-block-navigation-item__content\" href=\"https:\/\/luxor-design.fr\/en\/boutique\/\">Boutique<\/a><\/li><li class=\"wp-block-pages-list__item wp-block-navigation-item open-on-hover-click\"><a class=\"wp-block-pages-list__item__link wp-block-navigation-item__content\" href=\"https:\/\/luxor-design.fr\/en\/contact\/\">Contact<\/a><\/li><li class=\"wp-block-pages-list__item wp-block-navigation-item open-on-hover-click\"><a class=\"wp-block-pages-list__item__link wp-block-navigation-item__content\" href=\"https:\/\/luxor-design.fr\/en\/mon-compte\/\">Mon compte<\/a><\/li><li class=\"wp-block-pages-list__item wp-block-navigation-item open-on-hover-click\"><a class=\"wp-block-pages-list__item__link wp-block-navigation-item__content\" href=\"https:\/\/luxor-design.fr\/en\/panier\/\">Panier<\/a><\/li><li class=\"wp-block-pages-list__item wp-block-navigation-item open-on-hover-click\"><a class=\"wp-block-pages-list__item__link wp-block-navigation-item__content\" href=\"https:\/\/luxor-design.fr\/en\/philgood\/\">Philgood<\/a><\/li><li class=\"wp-block-pages-list__item wp-block-navigation-item open-on-hover-click\"><a class=\"wp-block-pages-list__item__link wp-block-navigation-item__content\" href=\"https:\/\/luxor-design.fr\/en\/realisations\/\">Realization<\/a><\/li><li class=\"wp-block-pages-list__item wp-block-navigation-item open-on-hover-click\"><a class=\"wp-block-pages-list__item__link wp-block-navigation-item__content\" href=\"https:\/\/luxor-design.fr\/en\/sample-page\/\">Sample Page<\/a><\/li><li class=\"wp-block-pages-list__item wp-block-navigation-item open-on-hover-click\"><a class=\"wp-block-pages-list__item__link wp-block-navigation-item__content\" href=\"https:\/\/luxor-design.fr\/en\/temp-home\/\">Temp-home<\/a><\/li><li class=\"wp-block-pages-list__item wp-block-navigation-item open-on-hover-click\"><a class=\"wp-block-pages-list__item__link wp-block-navigation-item__content\" href=\"https:\/\/luxor-design.fr\/en\/temp-home-english\/\">Temp-home &#8211; English<\/a><\/li><li class=\"wp-block-pages-list__item wp-block-navigation-item open-on-hover-click\"><a class=\"wp-block-pages-list__item__link wp-block-navigation-item__content\" href=\"https:\/\/luxor-design.fr\/en\/temp-home-espanol\/\">Temp-home &#8211; Espa\u00f1ol<\/a><\/li><li class=\"wp-block-pages-list__item wp-block-navigation-item open-on-hover-click\"><a class=\"wp-block-pages-list__item__link wp-block-navigation-item__content\" href=\"https:\/\/luxor-design.fr\/en\/test-de-page\/\">page test<\/a><\/li><li class=\"wp-block-pages-list__item wp-block-navigation-item open-on-hover-click\"><a class=\"wp-block-pages-list__item__link wp-block-navigation-item__content\" href=\"https:\/\/luxor-design.fr\/en\/test-of\/\">test of<\/a><\/li><li class=\"wp-block-pages-list__item wp-block-navigation-item open-on-hover-click\"><a class=\"wp-block-pages-list__item__link wp-block-navigation-item__content\" href=\"https:\/\/luxor-design.fr\/en\/commander\/\">Validation de la commande<\/a><\/li><\/ul><\/ul>\n\t\t\t\t\t\t\t<\/div>\n\t\t\t\t\t\t<\/div>\n\t\t\t\t\t<\/div>\n\t\t\t\t<\/div><\/nav>\n\n\n<hr class=\"wp-block-separator has-css-opacity is-style-default\"\/>\n\n\n\n<div class=\"wp-block-cover aligncenter\"><img decoding=\"async\" class=\"wp-block-cover__image-background\" alt=\"Un portrait de profil d\u2019une femme portant un pull \u00e0 col roul\u00e9 ocre et un sac blanc. Elle regarde en l\u2019air et ferme les yeux.\" src=\"https:\/\/s.w.org\/images\/core\/5.8\/portrait.jpg\" data-object-fit=\"cover\"\/><span aria-hidden=\"true\" class=\"wp-block-cover__background has-background-dim\"><\/span><div class=\"wp-block-cover__inner-container is-layout-flow wp-block-cover-is-layout-flow\">\n<p class=\"has-text-align-center has-large-font-size\">Ceci est une image<br>Qui sert a rien \ud83d\ude42 <\/p>\n<\/div><\/div>\n\n\n\n<div data-aos= \"fade-down\" data-aos-duration=\"400\" data-aos-delay=\"0\" data-aos-easing=\"ease\" data-aos-once=\"true\" class=\"wp-block-uagb-forms uagb-forms__outer-wrap uagb-block-b83fbd2f uagb-forms__medium-btn\"><form class=\"uagb-forms-main-form\" method=\"post\" autocomplete=\"on\" name=\"uagb-form-b83fbd2f\" action=\"\">\n<div class=\"wp-block-uagb-forms-name uagb-forms-name-wrap uagb-forms-field-set uagb-block-c1760229\"><div class=\"uagb-forms-name-label required uagb-forms-input-label\" id=\"c1760229\">First Name<\/div><input type=\"text\" placeholder=\"John\" required class=\"uagb-forms-name-input uagb-forms-input\" name=\"c1760229\" autocomplete=\"given-name\"\/><\/div>\n\n\n\n<div class=\"wp-block-uagb-forms-name uagb-forms-name-wrap uagb-forms-field-set uagb-block-3386f026\"><div class=\"uagb-forms-name-label required uagb-forms-input-label\" id=\"3386f026\">Last Name<\/div><input type=\"text\" placeholder=\"Doe\" required class=\"uagb-forms-name-input uagb-forms-input\" name=\"3386f026\" autocomplete=\"given-name\"\/><\/div>\n\n\n\n<div class=\"wp-block-uagb-forms-email uagb-forms-email-wrap uagb-forms-field-set uagb-block-d67b370b\"><div class=\"uagb-forms-email-label  uagb-forms-input-label\" id=\"d67b370b\">Email<\/div><input type=\"email\" class=\"uagb-forms-email-input uagb-forms-input\" placeholder=\"example@mail.com\" name=\"d67b370b\" autocomplete=\"email\"\/><\/div>\n\n\n\n<div class=\"wp-block-uagb-forms-textarea uagb-forms-textarea-wrap uagb-forms-field-set uagb-block-e19fe1f1\"><div class=\"uagb-forms-textarea-label required uagb-forms-input-label\" id=\"e19fe1f1\">Message<\/div><textarea required class=\"uagb-forms-textarea-input uagb-forms-input\" rows=\"4\" placeholder=\"Enter your message\" name=\"e19fe1f1\" autocomplete=\"off\"><\/textarea><\/div>\n<div class=\"uagb-forms-form-hidden-data\"><input type=\"hidden\" class=\"uagb_forms_form_label\" value=\"Spectra Form\"\/><input type=\"hidden\" class=\"uagb_forms_form_id\" value=\"uagb-form-b83fbd2f\"\/><\/div><div class=\"uagb-form-reacaptcha-error-b83fbd2f\"><\/div><div class=\"uagb-forms-main-submit-button-wrap wp-block-button\"><button class=\"uagb-forms-main-submit-button wp-block-button__link\"><div class=\"uagb-forms-main-submit-button-text\">ENVOYER<\/div><\/button><\/div><input type=\"hidden\" name=\"trp-form-language\" value=\"en\"\/><\/form><div class=\"uagb-forms-success-message-b83fbd2f uagb-forms-submit-message-hide\"><span>The form has been submitted successfully!<\/span><\/div><div class=\"uagb-forms-failed-message-b83fbd2f uagb-forms-submit-message-hide\"><span>There has been some error while submitting the form. Please verify all form fields again.<\/span><\/div><\/div>\n\n\n\n\n\t<div id=\"respond\" class=\"comment-respond has-link-color wp-elements-657dfe730a43614a27dc7da1e6b883b0 wp-block-post-comments-form has-text-color has-luminous-vivid-orange-color\">\n\t\t<h3 id=\"reply-title\" class=\"comment-reply-title\">Leave a Reply <small><a rel=\"nofollow\" id=\"cancel-comment-reply-link\" href=\"\/en\/wp-json\/wp\/v2\/pages\/111#respond\" style=\"display:none;\">Cancel reply<\/a><\/small><\/h3><form action=\"https:\/\/luxor-design.fr\/wp-comments-post.php\" method=\"post\" id=\"commentform\" class=\"comment-form\" data-trp-original-action=\"https:\/\/luxor-design.fr\/wp-comments-post.php\"><p class=\"comment-notes\"><span id=\"email-notes\">Your email address will not be published.<\/span> <span class=\"required-field-message\">Required fields are marked <span class=\"required\">*<\/span><\/span><\/p><p class=\"comment-form-comment\"><label for=\"comment\">Comment <span class=\"required\">*<\/span><\/label> <textarea id=\"comment\" name=\"comment\" cols=\"45\" rows=\"8\" maxlength=\"65525\" required=\"required\"><\/textarea><\/p><div class=\"ast-comment-formwrap ast-row\">\n\t\t\t<p class=\"comment-form-author ast-grid-common-col ast-width-lg-33 ast-width-md-4 ast-float\">\n\t\t\t\t<label for=\"author\" class=\"screen-reader-text\">Name*<\/label>\n\t\t\t\t<input id=\"author\" name=\"author\" type=\"text\"\n\t\t\t\t\tvalue=\"\"\n\t\t\t\t\tplaceholder=\"Name*\"\n\t\t\t\t\tsize=\"30\" aria-required='true' autocomplete=\"name\" \/>\n\t\t\t<\/p>\n<p class=\"comment-form-email ast-grid-common-col ast-width-lg-33 ast-width-md-4 ast-float\">\n\t\t\t<label for=\"email\" class=\"screen-reader-text\">Email*<\/label>\n\t\t\t<input id=\"email\" name=\"email\" type=\"text\"\n\t\t\t\tvalue=\"\"\n\t\t\t\tplaceholder=\"Email*\"\n\t\t\t\tsize=\"30\" aria-required='true' autocomplete=\"email\" \/>\n\t\t<\/p>\n<p class=\"comment-form-url ast-grid-common-col ast-width-lg-33 ast-width-md-4 ast-float\">\n\t\t\t<label for=\"url\" class=\"screen-reader-text\">Website<\/label>\n\t\t\t<input id=\"url\" name=\"url\" type=\"text\"\n\t\t\t\tvalue=\"\"\n\t\t\t\tplaceholder=\"Website\"\n\t\t\t\tsize=\"30\" autocomplete=\"url\" \/>\n\t\t<\/p>\n\t\t<\/div>\n<p class=\"comment-form-cookies-consent\"><input id=\"wp-comment-cookies-consent\" name=\"wp-comment-cookies-consent\" type=\"checkbox\" value=\"yes\" \/> <label for=\"wp-comment-cookies-consent\">Save my name, email, and website in this browser for the next time I comment.<\/label><\/p>\n<p class=\"form-submit\"><input name=\"submit\" type=\"submit\" id=\"submit\" class=\"submit\" value=\"Post Comment\" \/> <input type='hidden' name='comment_post_ID' value='111' id='comment_post_ID' \/>\n<input type='hidden' name='comment_parent' id='comment_parent' value='0' \/>\n<\/p><input type=\"hidden\" name=\"trp-form-language\" value=\"en\"\/><\/form>\t<\/div><!-- #respond -->\n\t\n\n<div class=\"wp-elements-bfe08a09f6e2d2061b566b246f751b09 wp-block-calendar\"><table id=\"wp-calendar\" class=\"wp-calendar-table has-text-color has-pale-pink-color has-link-color\">\n\t<caption>May 2026<\/caption>\n\t<thead>\n\t<tr>\n\t\t<th scope=\"col\" aria-label=\"Monday\">M<\/th>\n\t\t<th scope=\"col\" aria-label=\"Tuesday\">T<\/th>\n\t\t<th scope=\"col\" aria-label=\"Wednesday\">W<\/th>\n\t\t<th scope=\"col\" aria-label=\"Thursday\">T<\/th>\n\t\t<th scope=\"col\" aria-label=\"Friday\">F<\/th>\n\t\t<th scope=\"col\" aria-label=\"Saturday\">S<\/th>\n\t\t<th scope=\"col\" aria-label=\"Sunday\">S<\/th>\n\t<\/tr>\n\t<\/thead>\n\t<tbody>\n\t<tr>\n\t\t<td colspan=\"4\" class=\"pad\">&nbsp;<\/td><td>1<\/td><td>2<\/td><td>3<\/td>\n\t<\/tr>\n\t<tr>\n\t\t<td>4<\/td><td>5<\/td><td>6<\/td><td>7<\/td><td id=\"today\">8<\/td><td>9<\/td><td>10<\/td>\n\t<\/tr>\n\t<tr>\n\t\t<td>11<\/td><td>12<\/td><td>13<\/td><td>14<\/td><td>15<\/td><td>16<\/td><td>17<\/td>\n\t<\/tr>\n\t<tr>\n\t\t<td>18<\/td><td>19<\/td><td>20<\/td><td>21<\/td><td>22<\/td><td>23<\/td><td>24<\/td>\n\t<\/tr>\n\t<tr>\n\t\t<td>25<\/td><td>26<\/td><td>27<\/td><td>28<\/td><td>29<\/td><td>30<\/td><td>31<\/td>\n\t<\/tr>\n\t<\/tbody>\n\t<\/table><nav aria-label=\"Previous and next months\" class=\"wp-calendar-nav\">\n\t\t<span class=\"wp-calendar-nav-prev\"><a href=\"https:\/\/luxor-design.fr\/en\/2026\/03\/\">&laquo; Mar<\/a><\/span>\n\t\t<span class=\"pad\">&nbsp;<\/span>\n\t\t<span class=\"wp-calendar-nav-next\">&nbsp;<\/span>\n\t<\/nav><\/div>\n\n\n<div class=\"wp-block-uagb-container uagb-block-bd01b58d alignfull uagb-is-root-container\"><div class=\"uagb-container-inner-blocks-wrap\">\n<div class=\"wp-block-uagb-container uagb-block-a98ac54d\">\n<figure class=\"wp-block-image size-large\"><img decoding=\"async\" width=\"1024\" height=\"333\" src=\"https:\/\/luxor-design.fr\/wp-content\/uploads\/2026\/03\/Logo-site-prod-01-1024x333.png\" alt=\"\" class=\"wp-image-25\" srcset=\"https:\/\/luxor-design.fr\/wp-content\/uploads\/2026\/03\/Logo-site-prod-01-1024x333.png 1024w, https:\/\/luxor-design.fr\/wp-content\/uploads\/2026\/03\/Logo-site-prod-01-600x195.png 600w, https:\/\/luxor-design.fr\/wp-content\/uploads\/2026\/03\/Logo-site-prod-01-300x98.png 300w, https:\/\/luxor-design.fr\/wp-content\/uploads\/2026\/03\/Logo-site-prod-01-768x250.png 768w, https:\/\/luxor-design.fr\/wp-content\/uploads\/2026\/03\/Logo-site-prod-01.png 1044w\" sizes=\"(max-width: 1024px) 100vw, 1024px\" \/><\/figure>\n<\/div>\n\n\n\n<div class=\"wp-block-uagb-container uagb-block-d9985c09\">\n<figure class=\"wp-block-image size-large\"><img decoding=\"async\" width=\"1024\" height=\"369\" src=\"https:\/\/luxor-design.fr\/wp-content\/uploads\/2026\/03\/Logo-site-prod-1024x369.png\" alt=\"\" class=\"wp-image-23\" srcset=\"https:\/\/luxor-design.fr\/wp-content\/uploads\/2026\/03\/Logo-site-prod-1024x369.png 1024w, https:\/\/luxor-design.fr\/wp-content\/uploads\/2026\/03\/Logo-site-prod-600x216.png 600w, https:\/\/luxor-design.fr\/wp-content\/uploads\/2026\/03\/Logo-site-prod-300x108.png 300w, https:\/\/luxor-design.fr\/wp-content\/uploads\/2026\/03\/Logo-site-prod-768x277.png 768w, https:\/\/luxor-design.fr\/wp-content\/uploads\/2026\/03\/Logo-site-prod.png 1094w\" sizes=\"(max-width: 1024px) 100vw, 1024px\" \/><\/figure>\n<\/div>\n<\/div><\/div>\n\n\n\n<div class=\"wp-block-uagb-image uagb-block-30de8496 wp-block-uagb-image--layout-default wp-block-uagb-image--effect-static wp-block-uagb-image--align-none\"><figure class=\"wp-block-uagb-image__figure\"><img decoding=\"async\" srcset=\"https:\/\/luxor-design.fr\/wp-content\/uploads\/2026\/03\/Logo-site-prod-01-1024x333.png ,https:\/\/luxor-design.fr\/wp-content\/uploads\/2026\/03\/Logo-site-prod-01.png 780w, https:\/\/luxor-design.fr\/wp-content\/uploads\/2026\/03\/Logo-site-prod-01.png 360w\" sizes=\"(max-width: 480px) 150px\" src=\"https:\/\/luxor-design.fr\/wp-content\/uploads\/2026\/03\/Logo-site-prod-01-1024x333.png\" alt=\"\" class=\"uag-image-25\" width=\"\" height=\"\" title=\"Logo-site-prod-01\" loading=\"lazy\" role=\"img\"\/><\/figure><\/div>\n\n\n\n<blockquote class=\"wp-block-quote has-text-align-center is-style-large is-layout-flow wp-block-quote-is-layout-flow\">\n<p>\u00ab&nbsp;Contribuer me donne l\u2019impression d\u2019\u00eatre utile \u00e0 la plan\u00e8te&nbsp;\u00bb<\/p>\n<cite>\u2014 Anna Wong, <em>B\u00e9n\u00e9vole<\/em><\/cite><\/blockquote>\n\n\n\n<hr class=\"wp-block-separator has-css-opacity is-style-default\"\/>\n\n\n\n<figure class=\"wp-block-image aligncenter size-large is-resized is-style-rounded\"><img decoding=\"async\" src=\"https:\/\/s.w.org\/images\/core\/5.8\/portrait.jpg\" alt=\"Un portrait de profil d\u2019une femme portant un pull \u00e0 col roul\u00e9 ocre et un sac blanc. Elle regarde en l\u2019air et ferme les yeux.\" style=\"width:150px;height:150px\"\/><\/figure>\n\n\n\n<blockquote class=\"wp-block-quote has-text-align-center is-style-large is-layout-flow wp-block-quote-is-layout-flow\">\n<p>\u00ab&nbsp;Contribuer me donne l\u2019impression d\u2019\u00eatre utile \u00e0 la plan\u00e8te&nbsp;\u00bb<\/p>\n<cite>\u2014 Anna Wong, <em>B\u00e9n\u00e9vole<\/em><\/cite><\/blockquote>\n\n\n\n<hr class=\"wp-block-separator has-css-opacity is-style-default\"\/>\n\n\n\n<figure class=\"wp-block-image aligncenter size-large is-resized is-style-rounded\"><img decoding=\"async\" src=\"https:\/\/s.w.org\/images\/core\/5.8\/portrait.jpg\" alt=\"Un portrait de profil d\u2019une femme portant un pull \u00e0 col roul\u00e9 ocre et un sac blanc. Elle regarde en l\u2019air et ferme les yeux.\" style=\"width:150px;height:150px\"\/><\/figure>\n\n\n\n<blockquote class=\"wp-block-quote has-text-align-center is-style-large is-layout-flow wp-block-quote-is-layout-flow\">\n<p><\/p>\n<cite>\u2014 Anna Wong, <em>B\u00e9n\u00e9vole<\/em><\/cite><\/blockquote>\n\n\n\n<hr class=\"wp-block-separator has-css-opacity is-style-default\"\/>\n\n\n\n<div class=\"wp-block-media-text is-stacked-on-mobile\"><figure class=\"wp-block-media-text__media\"><\/figure><div class=\"wp-block-media-text__content\">\n<p><\/p>\n<\/div><\/div>","protected":false},"excerpt":{"rendered":"<p>\u00ab&nbsp;Contribuer me donne l\u2019impression d\u2019\u00eatre utile \u00e0 la plan\u00e8te&nbsp;\u00bb \u2014 Anna Wong, B\u00e9n\u00e9vole \u00ab&nbsp;Contribuer me donne l\u2019impression d\u2019\u00eatre utile \u00e0 [&hellip;]<\/p>\n","protected":false},"author":1,"featured_media":0,"parent":0,"menu_order":0,"comment_status":"open","ping_status":"closed","template":"","meta":{"_uag_custom_page_level_css":"","site-sidebar-layout":"default","site-content-layout":"","ast-site-content-layout":"default","site-content-style":"default","site-sidebar-style":"default","ast-global-header-display":"","ast-banner-title-visibility":"","ast-main-header-display":"","ast-hfb-above-header-display":"","ast-hfb-below-header-display":"","ast-hfb-mobile-header-display":"","site-post-title":"","ast-breadcrumbs-content":"","ast-featured-img":"","footer-sml-layout":"","ast-disable-related-posts":"","theme-transparent-header-meta":"","adv-header-id-meta":"","stick-header-meta":"","header-above-stick-meta":"","header-main-stick-meta":"","header-below-stick-meta":"","astra-migrate-meta-layouts":"default","ast-page-background-enabled":"default","ast-page-background-meta":{"desktop":{"background-color":"var(--ast-global-color-5)","background-image":"","background-repeat":"repeat","background-position":"center center","background-size":"auto","background-attachment":"scroll","background-type":"","background-media":"","overlay-type":"","overlay-color":"","overlay-opacity":"","overlay-gradient":""},"tablet":{"background-color":"","background-image":"","background-repeat":"repeat","background-position":"center center","background-size":"auto","background-attachment":"scroll","background-type":"","background-media":"","overlay-type":"","overlay-color":"","overlay-opacity":"","overlay-gradient":""},"mobile":{"background-color":"","background-image":"","background-repeat":"repeat","background-position":"center center","background-size":"auto","background-attachment":"scroll","background-type":"","background-media":"","overlay-type":"","overlay-color":"","overlay-opacity":"","overlay-gradient":""}},"ast-content-background-meta":{"desktop":{"background-color":"var(--ast-global-color-4)","background-image":"","background-repeat":"repeat","background-position":"center center","background-size":"auto","background-attachment":"scroll","background-type":"","background-media":"","overlay-type":"","overlay-color":"","overlay-opacity":"","overlay-gradient":""},"tablet":{"background-color":"var(--ast-global-color-4)","background-image":"","background-repeat":"repeat","background-position":"center center","background-size":"auto","background-attachment":"scroll","background-type":"","background-media":"","overlay-type":"","overlay-color":"","overlay-opacity":"","overlay-gradient":""},"mobile":{"background-color":"var(--ast-global-color-4)","background-image":"","background-repeat":"repeat","background-position":"center center","background-size":"auto","background-attachment":"scroll","background-type":"","background-media":"","overlay-type":"","overlay-color":"","overlay-opacity":"","overlay-gradient":""}},"footnotes":""},"class_list":["post-111","page","type-page","status-publish","hentry"],"uagb_featured_image_src":{"full":false,"thumbnail":false,"medium":false,"medium_large":false,"large":false,"1536x1536":false,"2048x2048":false,"trp-custom-language-flag":false,"woocommerce_thumbnail":false,"woocommerce_single":false,"woocommerce_gallery_thumbnail":false},"uagb_author_info":{"display_name":"LuxWebAdmin","author_link":"https:\/\/luxor-design.fr\/en\/author\/luxwebadmin\/"},"uagb_comment_info":2,"uagb_excerpt":"\u00ab&nbsp;Contribuer me donne l\u2019impression d\u2019\u00eatre utile \u00e0 la plan\u00e8te&nbsp;\u00bb \u2014 Anna Wong, B\u00e9n\u00e9vole \u00ab&nbsp;Contribuer me donne l\u2019impression d\u2019\u00eatre utile \u00e0 [&hellip;]","_links":{"self":[{"href":"https:\/\/luxor-design.fr\/en\/wp-json\/wp\/v2\/pages\/111","targetHints":{"allow":["GET"]}}],"collection":[{"href":"https:\/\/luxor-design.fr\/en\/wp-json\/wp\/v2\/pages"}],"about":[{"href":"https:\/\/luxor-design.fr\/en\/wp-json\/wp\/v2\/types\/page"}],"author":[{"embeddable":true,"href":"https:\/\/luxor-design.fr\/en\/wp-json\/wp\/v2\/users\/1"}],"replies":[{"embeddable":true,"href":"https:\/\/luxor-design.fr\/en\/wp-json\/wp\/v2\/comments?post=111"}],"version-history":[{"count":13,"href":"https:\/\/luxor-design.fr\/en\/wp-json\/wp\/v2\/pages\/111\/revisions"}],"predecessor-version":[{"id":133,"href":"https:\/\/luxor-design.fr\/en\/wp-json\/wp\/v2\/pages\/111\/revisions\/133"}],"wp:attachment":[{"href":"https:\/\/luxor-design.fr\/en\/wp-json\/wp\/v2\/media?parent=111"}],"curies":[{"name":"wp","href":"https:\/\/api.w.org\/{rel}","templated":true}]}}